{"id":386,"date":"2022-01-12T11:24:54","date_gmt":"2022-01-12T11:24:54","guid":{"rendered":"https:\/\/instament.com\/calefaccio-i-climatitzacio\/"},"modified":"2022-03-30T08:46:16","modified_gmt":"2022-03-30T08:46:16","slug":"calefaccio-i-climatitzacio","status":"publish","type":"page","link":"https:\/\/instament.com\/ca\/calefaccio-i-climatitzacio\/","title":{"rendered":"Calefacci\u00f3 i Climatitzaci\u00f3"},"content":{"rendered":"\t\t<div data-elementor-type=\"wp-page\" data-elementor-id=\"386\" class=\"elementor elementor-386 elementor-18\" data-elementor-post-type=\"page\">\n\t\t\t\t\t\t<section class=\"elementor-section elementor-top-section elementor-element elementor-element-79d124f elementor-section-height-min-height elementor-section-boxed elementor-section-height-default elementor-section-items-middle\" data-id=\"79d124f\" data-element_type=\"section\" data-e-type=\"section\" data-settings=\"{&quot;background_background&quot;:&quot;classic&quot;}\">\n\t\t\t\t\t\t<div class=\"elementor-container elementor-column-gap-default\">\n\t\t\t\t\t<div class=\"elementor-column elementor-col-100 elementor-top-column elementor-element elementor-element-5fbd24b\" data-id=\"5fbd24b\" data-element_type=\"column\" data-e-type=\"column\">\n\t\t\t<div class=\"elementor-widget-wrap elementor-element-populated\">\n\t\t\t\t\t\t<div class=\"elementor-element elementor-element-e1ba678 elementor-widget elementor-widget-heading\" data-id=\"e1ba678\" data-element_type=\"widget\" data-e-type=\"widget\" data-widget_type=\"heading.default\">\n\t\t\t\t<div class=\"elementor-widget-container\">\n\t\t\t\t\t<h2 class=\"elementor-heading-title elementor-size-default\">Calefacci\u00f3 i Climatitzaci\u00f3<\/h2>\t\t\t\t<\/div>\n\t\t\t\t<\/div>\n\t\t\t\t\t<\/div>\n\t\t<\/div>\n\t\t\t\t\t<\/div>\n\t\t<\/section>\n\t\t\t\t<section class=\"elementor-section elementor-top-section elementor-element elementor-element-438e415 elementor-section-boxed elementor-section-height-default elementor-section-height-default\" data-id=\"438e415\" data-element_type=\"section\" data-e-type=\"section\">\n\t\t\t\t\t\t<div class=\"elementor-container elementor-column-gap-default\">\n\t\t\t\t\t<div class=\"elementor-column elementor-col-100 elementor-top-column elementor-element elementor-element-29a2e91\" data-id=\"29a2e91\" data-element_type=\"column\" data-e-type=\"column\">\n\t\t\t<div class=\"elementor-widget-wrap elementor-element-populated\">\n\t\t\t\t\t\t<div class=\"elementor-element elementor-element-58b87c6 elementor-widget elementor-widget-text-editor\" data-id=\"58b87c6\" data-element_type=\"widget\" data-e-type=\"widget\" data-widget_type=\"text-editor.default\">\n\t\t\t\t<div class=\"elementor-widget-container\">\n\t\t\t\t\t\t\t\t\t<p>Disseny, instal\u00b7laci\u00f3, reparaci\u00f3 i manteniment de tota mena d\u2019instal\u00b7laci\u00f3 de calefacci\u00f3 o climatitzaci\u00f3.<\/p><p>Legalitzaci\u00f3 d\u2019instal\u00b7lacions t\u00e8rmiques, calderes murals, de peu, gas, gasoil, calderes i estufes de Biomasa., radiadors de fosa, alumini, xapa, terra radiant, bombes de calor, plaques solars, escalfament de piscines, acumuladors, termos, escalfadors.<\/p>\t\t\t\t\t\t\t\t<\/div>\n\t\t\t\t<\/div>\n\t\t\t\t<div class=\"elementor-element elementor-element-0a45908 elementor-widget elementor-widget-gallery\" data-id=\"0a45908\" data-element_type=\"widget\" data-e-type=\"widget\" data-settings=\"{&quot;gallery_layout&quot;:&quot;masonry&quot;,&quot;columns&quot;:3,&quot;lazyload&quot;:&quot;yes&quot;,&quot;columns_tablet&quot;:2,&quot;columns_mobile&quot;:1,&quot;gap&quot;:{&quot;unit&quot;:&quot;px&quot;,&quot;size&quot;:10,&quot;sizes&quot;:[]},&quot;gap_tablet&quot;:{&quot;unit&quot;:&quot;px&quot;,&quot;size&quot;:10,&quot;sizes&quot;:[]},&quot;gap_mobile&quot;:{&quot;unit&quot;:&quot;px&quot;,&quot;size&quot;:10,&quot;sizes&quot;:[]},&quot;link_to&quot;:&quot;file&quot;,&quot;overlay_background&quot;:&quot;yes&quot;,&quot;content_hover_animation&quot;:&quot;fade-in&quot;}\" data-widget_type=\"gallery.default\">\n\t\t\t\t<div class=\"elementor-widget-container\">\n\t\t\t\t\t\t\t<div class=\"elementor-gallery__container\">\n\t\t\t\t\t\t\t<a class=\"e-gallery-item elementor-gallery-item elementor-animated-content\" href=\"https:\/\/instament.com\/wp-content\/uploads\/2022\/02\/Calefaccio3p.jpg\" data-elementor-open-lightbox=\"yes\" data-elementor-lightbox-slideshow=\"0a45908\" data-elementor-lightbox-title=\"Calefaccio3p\" data-e-action-hash=\"#elementor-action%3Aaction%3Dlightbox%26settings%3DeyJpZCI6MTU4LCJ1cmwiOiJodHRwczpcL1wvaW5zdGFtZW50LmNvbVwvd3AtY29udGVudFwvdXBsb2Fkc1wvMjAyMlwvMDJcL0NhbGVmYWNjaW8zcC5qcGciLCJzbGlkZXNob3ciOiIwYTQ1OTA4In0%3D\">\n\t\t\t\t\t<div class=\"e-gallery-image elementor-gallery-item__image\" data-thumbnail=\"https:\/\/instament.com\/wp-content\/uploads\/2022\/02\/Calefaccio3p.jpg\" data-width=\"250\" data-height=\"166\" aria-label=\"\" role=\"img\" ><\/div>\n\t\t\t\t\t\t\t\t\t\t\t<div class=\"elementor-gallery-item__overlay\"><\/div>\n\t\t\t\t\t\t\t\t\t\t\t\t\t\t<\/a>\n\t\t\t\t\t\t\t<a class=\"e-gallery-item elementor-gallery-item elementor-animated-content\" href=\"https:\/\/instament.com\/wp-content\/uploads\/2022\/02\/Calefaccio1p.jpg\" data-elementor-open-lightbox=\"yes\" data-elementor-lightbox-slideshow=\"0a45908\" data-elementor-lightbox-title=\"Calefaccio1p\" data-e-action-hash=\"#elementor-action%3Aaction%3Dlightbox%26settings%3DeyJpZCI6MTU5LCJ1cmwiOiJodHRwczpcL1wvaW5zdGFtZW50LmNvbVwvd3AtY29udGVudFwvdXBsb2Fkc1wvMjAyMlwvMDJcL0NhbGVmYWNjaW8xcC5qcGciLCJzbGlkZXNob3ciOiIwYTQ1OTA4In0%3D\">\n\t\t\t\t\t<div class=\"e-gallery-image elementor-gallery-item__image\" data-thumbnail=\"https:\/\/instament.com\/wp-content\/uploads\/2022\/02\/Calefaccio1p.jpg\" data-width=\"250\" data-height=\"166\" aria-label=\"\" role=\"img\" ><\/div>\n\t\t\t\t\t\t\t\t\t\t\t<div class=\"elementor-gallery-item__overlay\"><\/div>\n\t\t\t\t\t\t\t\t\t\t\t\t\t\t<\/a>\n\t\t\t\t\t\t\t<a class=\"e-gallery-item elementor-gallery-item elementor-animated-content\" href=\"https:\/\/instament.com\/wp-content\/uploads\/2022\/02\/Calefaccio2p.jpg\" data-elementor-open-lightbox=\"yes\" data-elementor-lightbox-slideshow=\"0a45908\" data-elementor-lightbox-title=\"Calefaccio2p\" data-e-action-hash=\"#elementor-action%3Aaction%3Dlightbox%26settings%3DeyJpZCI6MTYwLCJ1cmwiOiJodHRwczpcL1wvaW5zdGFtZW50LmNvbVwvd3AtY29udGVudFwvdXBsb2Fkc1wvMjAyMlwvMDJcL0NhbGVmYWNjaW8ycC5qcGciLCJzbGlkZXNob3ciOiIwYTQ1OTA4In0%3D\">\n\t\t\t\t\t<div class=\"e-gallery-image elementor-gallery-item__image\" data-thumbnail=\"https:\/\/instament.com\/wp-content\/uploads\/2022\/02\/Calefaccio2p.jpg\" data-width=\"250\" data-height=\"166\" aria-label=\"\" role=\"img\" ><\/div>\n\t\t\t\t\t\t\t\t\t\t\t<div class=\"elementor-gallery-item__overlay\"><\/div>\n\t\t\t\t\t\t\t\t\t\t\t\t\t\t<\/a>\n\t\t\t\t\t<\/div>\n\t\t\t\t\t<\/div>\n\t\t\t\t<\/div>\n\t\t\t\t<div class=\"elementor-element elementor-element-6ff2d05 elementor-widget elementor-widget-heading\" data-id=\"6ff2d05\" data-element_type=\"widget\" data-e-type=\"widget\" data-widget_type=\"heading.default\">\n\t\t\t\t<div class=\"elementor-widget-container\">\n\t\t\t\t\t<h3 class=\"elementor-heading-title elementor-size-default\">Calefacci\u00f3 amb Terra Radiant<\/h3>\t\t\t\t<\/div>\n\t\t\t\t<\/div>\n\t\t\t\t<div class=\"elementor-element elementor-element-b4dfbe8 elementor-widget elementor-widget-text-editor\" data-id=\"b4dfbe8\" data-element_type=\"widget\" data-e-type=\"widget\" data-widget_type=\"text-editor.default\">\n\t\t\t\t<div class=\"elementor-widget-container\">\n\t\t\t\t\t\t\t\t\t<p>Aquest sistema consisteix a repartir un grup de tubs uniformement pel terra de tota la casa, per mitj\u00e0 de col\u00b7lectors es distribueix i regula l&#8217;aigua que passa pels conductes.<\/p><p>Aquest Sistema complimentat amb una instal\u00b7laci\u00f3 de plaques solars t\u00e8rmiques, aconseguirem un estalvi considerable, ja que amb la calor que produeix el sol cobrirem la major part de l&#8217;aigua calenta necess\u00e0ria per tenir una temperatura confortable a la nostra llar.<\/p>\t\t\t\t\t\t\t\t<\/div>\n\t\t\t\t<\/div>\n\t\t\t\t<div class=\"elementor-element elementor-element-0d62396 elementor-widget elementor-widget-gallery\" data-id=\"0d62396\" data-element_type=\"widget\" data-e-type=\"widget\" data-settings=\"{&quot;gallery_layout&quot;:&quot;masonry&quot;,&quot;columns&quot;:3,&quot;lazyload&quot;:&quot;yes&quot;,&quot;columns_tablet&quot;:2,&quot;columns_mobile&quot;:1,&quot;gap&quot;:{&quot;unit&quot;:&quot;px&quot;,&quot;size&quot;:10,&quot;sizes&quot;:[]},&quot;gap_tablet&quot;:{&quot;unit&quot;:&quot;px&quot;,&quot;size&quot;:10,&quot;sizes&quot;:[]},&quot;gap_mobile&quot;:{&quot;unit&quot;:&quot;px&quot;,&quot;size&quot;:10,&quot;sizes&quot;:[]},&quot;link_to&quot;:&quot;file&quot;,&quot;overlay_background&quot;:&quot;yes&quot;,&quot;content_hover_animation&quot;:&quot;fade-in&quot;}\" data-widget_type=\"gallery.default\">\n\t\t\t\t<div class=\"elementor-widget-container\">\n\t\t\t\t\t\t\t<div class=\"elementor-gallery__container\">\n\t\t\t\t\t\t\t<a class=\"e-gallery-item elementor-gallery-item elementor-animated-content\" href=\"https:\/\/instament.com\/wp-content\/uploads\/2022\/02\/IMGRadiant2p.jpg\" data-elementor-open-lightbox=\"yes\" data-elementor-lightbox-slideshow=\"0d62396\" data-elementor-lightbox-title=\"IMGRadiant2p\" data-e-action-hash=\"#elementor-action%3Aaction%3Dlightbox%26settings%3DeyJpZCI6MTYxLCJ1cmwiOiJodHRwczpcL1wvaW5zdGFtZW50LmNvbVwvd3AtY29udGVudFwvdXBsb2Fkc1wvMjAyMlwvMDJcL0lNR1JhZGlhbnQycC5qcGciLCJzbGlkZXNob3ciOiIwZDYyMzk2In0%3D\">\n\t\t\t\t\t<div class=\"e-gallery-image elementor-gallery-item__image\" data-thumbnail=\"https:\/\/instament.com\/wp-content\/uploads\/2022\/02\/IMGRadiant2p.jpg\" data-width=\"250\" data-height=\"188\" aria-label=\"\" role=\"img\" ><\/div>\n\t\t\t\t\t\t\t\t\t\t\t<div class=\"elementor-gallery-item__overlay\"><\/div>\n\t\t\t\t\t\t\t\t\t\t\t\t\t\t<\/a>\n\t\t\t\t\t\t\t<a class=\"e-gallery-item elementor-gallery-item elementor-animated-content\" href=\"https:\/\/instament.com\/wp-content\/uploads\/2022\/02\/IMGRadiant3p.jpg\" data-elementor-open-lightbox=\"yes\" data-elementor-lightbox-slideshow=\"0d62396\" data-elementor-lightbox-title=\"IMGRadiant3p\" data-e-action-hash=\"#elementor-action%3Aaction%3Dlightbox%26settings%3DeyJpZCI6MTYyLCJ1cmwiOiJodHRwczpcL1wvaW5zdGFtZW50LmNvbVwvd3AtY29udGVudFwvdXBsb2Fkc1wvMjAyMlwvMDJcL0lNR1JhZGlhbnQzcC5qcGciLCJzbGlkZXNob3ciOiIwZDYyMzk2In0%3D\">\n\t\t\t\t\t<div class=\"e-gallery-image elementor-gallery-item__image\" data-thumbnail=\"https:\/\/instament.com\/wp-content\/uploads\/2022\/02\/IMGRadiant3p.jpg\" data-width=\"250\" data-height=\"188\" aria-label=\"\" role=\"img\" ><\/div>\n\t\t\t\t\t\t\t\t\t\t\t<div class=\"elementor-gallery-item__overlay\"><\/div>\n\t\t\t\t\t\t\t\t\t\t\t\t\t\t<\/a>\n\t\t\t\t\t\t\t<a class=\"e-gallery-item elementor-gallery-item elementor-animated-content\" href=\"https:\/\/instament.com\/wp-content\/uploads\/2022\/02\/IMGRadiant5p.jpg\" data-elementor-open-lightbox=\"yes\" data-elementor-lightbox-slideshow=\"0d62396\" data-elementor-lightbox-title=\"IMGRadiant5p\" data-e-action-hash=\"#elementor-action%3Aaction%3Dlightbox%26settings%3DeyJpZCI6MTYzLCJ1cmwiOiJodHRwczpcL1wvaW5zdGFtZW50LmNvbVwvd3AtY29udGVudFwvdXBsb2Fkc1wvMjAyMlwvMDJcL0lNR1JhZGlhbnQ1cC5qcGciLCJzbGlkZXNob3ciOiIwZDYyMzk2In0%3D\">\n\t\t\t\t\t<div class=\"e-gallery-image elementor-gallery-item__image\" data-thumbnail=\"https:\/\/instament.com\/wp-content\/uploads\/2022\/02\/IMGRadiant5p.jpg\" data-width=\"250\" data-height=\"188\" aria-label=\"\" role=\"img\" ><\/div>\n\t\t\t\t\t\t\t\t\t\t\t<div class=\"elementor-gallery-item__overlay\"><\/div>\n\t\t\t\t\t\t\t\t\t\t\t\t\t\t<\/a>\n\t\t\t\t\t<\/div>\n\t\t\t\t\t<\/div>\n\t\t\t\t<\/div>\n\t\t\t\t\t<\/div>\n\t\t<\/div>\n\t\t\t\t\t<\/div>\n\t\t<\/section>\n\t\t\t\t<\/div>\n\t\t","protected":false},"excerpt":{"rendered":"<p>Disseny, instal\u00b7laci\u00f3, reparaci\u00f3 i manteniment de tota mena d\u2019instal\u00b7laci\u00f3 de calefacci\u00f3 o climatitzaci\u00f3. Legalitzaci\u00f3 d\u2019instal\u00b7lacions t\u00e8rmiques, calderes murals, de peu, gas, gasoil, calderes i estufes de Biomasa., radiadors de fosa, alumini, xapa, terra radiant, bombes de calor, plaques solars, escalfament de piscines, acumuladors, termos, escalfadors. Calefacci\u00f3 amb Terra Radiant Aquest sistema consisteix a repartir un &#8230; <a title=\"Calefacci\u00f3 i Climatitzaci\u00f3\" class=\"read-more\" href=\"https:\/\/instament.com\/ca\/calefaccio-i-climatitzacio\/\" aria-label=\"M\u00e9s informaci\u00f3 sobre Calefacci\u00f3 i Climatitzaci\u00f3\">Llegiu m\u00e9s<\/a><\/p>\n","protected":false},"author":1,"featured_media":0,"parent":0,"menu_order":0,"comment_status":"closed","ping_status":"closed","template":"","meta":{"footnotes":""},"class_list":["post-386","page","type-page","status-publish"],"yoast_head":"<!-- This site is optimized with the Yoast SEO plugin v27.5 - https:\/\/yoast.com\/product\/yoast-seo-wordpress\/ -->\n<title>Calefacci\u00f3 i Climatitzaci\u00f3 - Instament<\/title>\n<meta name=\"description\" content=\"A Instament ens encarreguem del disseny, instal\u00b7laci\u00f3, reparaci\u00f3 i manteniment de tota mena d&#039;instal\u00b7lacions de calefacci\u00f3 o climatitzaci\u00f3.\" \/>\n<meta name=\"robots\" content=\"index, follow, max-snippet:-1, max-image-preview:large, max-video-preview:-1\" \/>\n<link rel=\"canonical\" href=\"https:\/\/instament.com\/ca\/calefaccio-i-climatitzacio\/\" \/>\n<meta property=\"og:locale\" content=\"ca_ES\" \/>\n<meta property=\"og:type\" content=\"article\" \/>\n<meta property=\"og:title\" content=\"Calefacci\u00f3 i Climatitzaci\u00f3 - Instament\" \/>\n<meta property=\"og:description\" content=\"A Instament ens encarreguem del disseny, instal\u00b7laci\u00f3, reparaci\u00f3 i manteniment de tota mena d&#039;instal\u00b7lacions de calefacci\u00f3 o climatitzaci\u00f3.\" \/>\n<meta property=\"og:url\" content=\"https:\/\/instament.com\/ca\/calefaccio-i-climatitzacio\/\" \/>\n<meta property=\"og:site_name\" content=\"Instament\" \/>\n<meta property=\"article:modified_time\" content=\"2022-03-30T08:46:16+00:00\" \/>\n<meta name=\"twitter:card\" content=\"summary_large_image\" \/>\n<meta name=\"twitter:label1\" content=\"Temps estimat de lectura\" \/>\n\t<meta name=\"twitter:data1\" content=\"1 minut\" \/>\n<script type=\"application\/ld+json\" class=\"yoast-schema-graph\">{\"@context\":\"https:\\\/\\\/schema.org\",\"@graph\":[{\"@type\":\"WebPage\",\"@id\":\"https:\\\/\\\/instament.com\\\/ca\\\/calefaccio-i-climatitzacio\\\/\",\"url\":\"https:\\\/\\\/instament.com\\\/ca\\\/calefaccio-i-climatitzacio\\\/\",\"name\":\"Calefacci\u00f3 i Climatitzaci\u00f3 - Instament\",\"isPartOf\":{\"@id\":\"https:\\\/\\\/instament.com\\\/ca\\\/#website\"},\"datePublished\":\"2022-01-12T11:24:54+00:00\",\"dateModified\":\"2022-03-30T08:46:16+00:00\",\"description\":\"A Instament ens encarreguem del disseny, instal\u00b7laci\u00f3, reparaci\u00f3 i manteniment de tota mena d'instal\u00b7lacions de calefacci\u00f3 o climatitzaci\u00f3.\",\"breadcrumb\":{\"@id\":\"https:\\\/\\\/instament.com\\\/ca\\\/calefaccio-i-climatitzacio\\\/#breadcrumb\"},\"inLanguage\":\"ca\",\"potentialAction\":[{\"@type\":\"ReadAction\",\"target\":[\"https:\\\/\\\/instament.com\\\/ca\\\/calefaccio-i-climatitzacio\\\/\"]}]},{\"@type\":\"BreadcrumbList\",\"@id\":\"https:\\\/\\\/instament.com\\\/ca\\\/calefaccio-i-climatitzacio\\\/#breadcrumb\",\"itemListElement\":[{\"@type\":\"ListItem\",\"position\":1,\"name\":\"Portada\",\"item\":\"https:\\\/\\\/instament.com\\\/ca\\\/\"},{\"@type\":\"ListItem\",\"position\":2,\"name\":\"Calefacci\u00f3 i Climatitzaci\u00f3\"}]},{\"@type\":\"WebSite\",\"@id\":\"https:\\\/\\\/instament.com\\\/ca\\\/#website\",\"url\":\"https:\\\/\\\/instament.com\\\/ca\\\/\",\"name\":\"Instament\",\"description\":\"Otro sitio realizado con WordPress\",\"publisher\":{\"@id\":\"https:\\\/\\\/instament.com\\\/ca\\\/#organization\"},\"potentialAction\":[{\"@type\":\"SearchAction\",\"target\":{\"@type\":\"EntryPoint\",\"urlTemplate\":\"https:\\\/\\\/instament.com\\\/ca\\\/?s={search_term_string}\"},\"query-input\":{\"@type\":\"PropertyValueSpecification\",\"valueRequired\":true,\"valueName\":\"search_term_string\"}}],\"inLanguage\":\"ca\"},{\"@type\":\"Organization\",\"@id\":\"https:\\\/\\\/instament.com\\\/ca\\\/#organization\",\"name\":\"Instament\",\"url\":\"https:\\\/\\\/instament.com\\\/ca\\\/\",\"logo\":{\"@type\":\"ImageObject\",\"inLanguage\":\"ca\",\"@id\":\"https:\\\/\\\/instament.com\\\/ca\\\/#\\\/schema\\\/logo\\\/image\\\/\",\"url\":\"https:\\\/\\\/instament.com\\\/wp-content\\\/uploads\\\/2022\\\/01\\\/LogotipInstament.jpg\",\"contentUrl\":\"https:\\\/\\\/instament.com\\\/wp-content\\\/uploads\\\/2022\\\/01\\\/LogotipInstament.jpg\",\"width\":175,\"height\":68,\"caption\":\"Instament\"},\"image\":{\"@id\":\"https:\\\/\\\/instament.com\\\/ca\\\/#\\\/schema\\\/logo\\\/image\\\/\"}}]}<\/script>\n<!-- \/ Yoast SEO plugin. -->","yoast_head_json":{"title":"Calefacci\u00f3 i Climatitzaci\u00f3 - Instament","description":"A Instament ens encarreguem del disseny, instal\u00b7laci\u00f3, reparaci\u00f3 i manteniment de tota mena d'instal\u00b7lacions de calefacci\u00f3 o climatitzaci\u00f3.","robots":{"index":"index","follow":"follow","max-snippet":"max-snippet:-1","max-image-preview":"max-image-preview:large","max-video-preview":"max-video-preview:-1"},"canonical":"https:\/\/instament.com\/ca\/calefaccio-i-climatitzacio\/","og_locale":"ca_ES","og_type":"article","og_title":"Calefacci\u00f3 i Climatitzaci\u00f3 - Instament","og_description":"A Instament ens encarreguem del disseny, instal\u00b7laci\u00f3, reparaci\u00f3 i manteniment de tota mena d'instal\u00b7lacions de calefacci\u00f3 o climatitzaci\u00f3.","og_url":"https:\/\/instament.com\/ca\/calefaccio-i-climatitzacio\/","og_site_name":"Instament","article_modified_time":"2022-03-30T08:46:16+00:00","twitter_card":"summary_large_image","twitter_misc":{"Temps estimat de lectura":"1 minut"},"schema":{"@context":"https:\/\/schema.org","@graph":[{"@type":"WebPage","@id":"https:\/\/instament.com\/ca\/calefaccio-i-climatitzacio\/","url":"https:\/\/instament.com\/ca\/calefaccio-i-climatitzacio\/","name":"Calefacci\u00f3 i Climatitzaci\u00f3 - Instament","isPartOf":{"@id":"https:\/\/instament.com\/ca\/#website"},"datePublished":"2022-01-12T11:24:54+00:00","dateModified":"2022-03-30T08:46:16+00:00","description":"A Instament ens encarreguem del disseny, instal\u00b7laci\u00f3, reparaci\u00f3 i manteniment de tota mena d'instal\u00b7lacions de calefacci\u00f3 o climatitzaci\u00f3.","breadcrumb":{"@id":"https:\/\/instament.com\/ca\/calefaccio-i-climatitzacio\/#breadcrumb"},"inLanguage":"ca","potentialAction":[{"@type":"ReadAction","target":["https:\/\/instament.com\/ca\/calefaccio-i-climatitzacio\/"]}]},{"@type":"BreadcrumbList","@id":"https:\/\/instament.com\/ca\/calefaccio-i-climatitzacio\/#breadcrumb","itemListElement":[{"@type":"ListItem","position":1,"name":"Portada","item":"https:\/\/instament.com\/ca\/"},{"@type":"ListItem","position":2,"name":"Calefacci\u00f3 i Climatitzaci\u00f3"}]},{"@type":"WebSite","@id":"https:\/\/instament.com\/ca\/#website","url":"https:\/\/instament.com\/ca\/","name":"Instament","description":"Otro sitio realizado con WordPress","publisher":{"@id":"https:\/\/instament.com\/ca\/#organization"},"potentialAction":[{"@type":"SearchAction","target":{"@type":"EntryPoint","urlTemplate":"https:\/\/instament.com\/ca\/?s={search_term_string}"},"query-input":{"@type":"PropertyValueSpecification","valueRequired":true,"valueName":"search_term_string"}}],"inLanguage":"ca"},{"@type":"Organization","@id":"https:\/\/instament.com\/ca\/#organization","name":"Instament","url":"https:\/\/instament.com\/ca\/","logo":{"@type":"ImageObject","inLanguage":"ca","@id":"https:\/\/instament.com\/ca\/#\/schema\/logo\/image\/","url":"https:\/\/instament.com\/wp-content\/uploads\/2022\/01\/LogotipInstament.jpg","contentUrl":"https:\/\/instament.com\/wp-content\/uploads\/2022\/01\/LogotipInstament.jpg","width":175,"height":68,"caption":"Instament"},"image":{"@id":"https:\/\/instament.com\/ca\/#\/schema\/logo\/image\/"}}]}},"_links":{"self":[{"href":"https:\/\/instament.com\/ca\/wp-json\/wp\/v2\/pages\/386","targetHints":{"allow":["GET"]}}],"collection":[{"href":"https:\/\/instament.com\/ca\/wp-json\/wp\/v2\/pages"}],"about":[{"href":"https:\/\/instament.com\/ca\/wp-json\/wp\/v2\/types\/page"}],"author":[{"embeddable":true,"href":"https:\/\/instament.com\/ca\/wp-json\/wp\/v2\/users\/1"}],"replies":[{"embeddable":true,"href":"https:\/\/instament.com\/ca\/wp-json\/wp\/v2\/comments?post=386"}],"version-history":[{"count":2,"href":"https:\/\/instament.com\/ca\/wp-json\/wp\/v2\/pages\/386\/revisions"}],"predecessor-version":[{"id":391,"href":"https:\/\/instament.com\/ca\/wp-json\/wp\/v2\/pages\/386\/revisions\/391"}],"wp:attachment":[{"href":"https:\/\/instament.com\/ca\/wp-json\/wp\/v2\/media?parent=386"}],"curies":[{"name":"wp","href":"https:\/\/api.w.org\/{rel}","templated":true}]}}