{"id":12,"date":"2022-01-12T11:23:57","date_gmt":"2022-01-12T11:23:57","guid":{"rendered":"https:\/\/instament.com\/?page_id=12"},"modified":"2022-03-15T16:20:54","modified_gmt":"2022-03-15T16:20:54","slug":"electricidad","status":"publish","type":"page","link":"https:\/\/instament.com\/es\/electricidad\/","title":{"rendered":"Electricidad"},"content":{"rendered":"\t\t<div data-elementor-type=\"wp-page\" data-elementor-id=\"12\" class=\"elementor elementor-12\" data-elementor-post-type=\"page\">\n\t\t\t\t\t\t<section class=\"elementor-section elementor-top-section elementor-element elementor-element-135cdd0 elementor-section-height-min-height elementor-section-boxed elementor-section-height-default elementor-section-items-middle\" data-id=\"135cdd0\" data-element_type=\"section\" data-e-type=\"section\" data-settings=\"{&quot;background_background&quot;:&quot;classic&quot;}\">\n\t\t\t\t\t\t<div class=\"elementor-container elementor-column-gap-default\">\n\t\t\t\t\t<div class=\"elementor-column elementor-col-100 elementor-top-column elementor-element elementor-element-9e47ed5\" data-id=\"9e47ed5\" data-element_type=\"column\" data-e-type=\"column\">\n\t\t\t<div class=\"elementor-widget-wrap elementor-element-populated\">\n\t\t\t\t\t\t<div class=\"elementor-element elementor-element-bf1e9fa elementor-widget elementor-widget-heading\" data-id=\"bf1e9fa\" data-element_type=\"widget\" data-e-type=\"widget\" data-widget_type=\"heading.default\">\n\t\t\t\t<div class=\"elementor-widget-container\">\n\t\t\t\t\t<h2 class=\"elementor-heading-title elementor-size-default\">Electricidad<\/h2>\t\t\t\t<\/div>\n\t\t\t\t<\/div>\n\t\t\t\t\t<\/div>\n\t\t<\/div>\n\t\t\t\t\t<\/div>\n\t\t<\/section>\n\t\t\t\t<section class=\"elementor-section elementor-top-section elementor-element elementor-element-5389a58 elementor-section-boxed elementor-section-height-default elementor-section-height-default\" data-id=\"5389a58\" data-element_type=\"section\" data-e-type=\"section\">\n\t\t\t\t\t\t<div class=\"elementor-container elementor-column-gap-default\">\n\t\t\t\t\t<div class=\"elementor-column elementor-col-100 elementor-top-column elementor-element elementor-element-49c600d\" data-id=\"49c600d\" data-element_type=\"column\" data-e-type=\"column\">\n\t\t\t<div class=\"elementor-widget-wrap elementor-element-populated\">\n\t\t\t\t\t\t<div class=\"elementor-element elementor-element-748e8d2 elementor-widget elementor-widget-text-editor\" data-id=\"748e8d2\" data-element_type=\"widget\" data-e-type=\"widget\" data-widget_type=\"text-editor.default\">\n\t\t\t\t<div class=\"elementor-widget-container\">\n\t\t\t\t\t\t\t\t\t<p>Dise\u00f1amos, realizamos, reparamos y mantenemos la instalaci\u00f3n el\u00e9ctrica, bien sea dom\u00e9stica, comercial o industrial. Certificados el\u00e9ctricos de BT, certificados de revisi\u00f3n, mantenimiento, estudios de iluminaci\u00f3n y ahorro energ\u00e9tico para interiores y exteriores de edificios, alumbrado de emergencia, dictamen de estado de la instalaci\u00f3n, compensaci\u00f3n reactiva: bater\u00edas de condensadores, grupos electr\u00f3genos, pararrayos, dom\u00f3tica.<\/p>\t\t\t\t\t\t\t\t<\/div>\n\t\t\t\t<\/div>\n\t\t\t\t<div class=\"elementor-element elementor-element-67cbacd elementor-widget elementor-widget-gallery\" data-id=\"67cbacd\" data-element_type=\"widget\" data-e-type=\"widget\" data-settings=\"{&quot;gallery_layout&quot;:&quot;masonry&quot;,&quot;gap&quot;:{&quot;unit&quot;:&quot;px&quot;,&quot;size&quot;:25,&quot;sizes&quot;:[]},&quot;lazyload&quot;:&quot;yes&quot;,&quot;columns&quot;:4,&quot;columns_tablet&quot;:2,&quot;columns_mobile&quot;:1,&quot;gap_tablet&quot;:{&quot;unit&quot;:&quot;px&quot;,&quot;size&quot;:10,&quot;sizes&quot;:[]},&quot;gap_mobile&quot;:{&quot;unit&quot;:&quot;px&quot;,&quot;size&quot;:10,&quot;sizes&quot;:[]},&quot;link_to&quot;:&quot;file&quot;,&quot;overlay_background&quot;:&quot;yes&quot;,&quot;content_hover_animation&quot;:&quot;fade-in&quot;}\" data-widget_type=\"gallery.default\">\n\t\t\t\t<div class=\"elementor-widget-container\">\n\t\t\t\t\t\t\t<div class=\"elementor-gallery__container\">\n\t\t\t\t\t\t\t<a class=\"e-gallery-item elementor-gallery-item elementor-animated-content\" href=\"https:\/\/instament.com\/wp-content\/uploads\/2022\/02\/Llum2p.jpg\" data-elementor-open-lightbox=\"yes\" data-elementor-lightbox-slideshow=\"67cbacd\" data-elementor-lightbox-title=\"Llum2p\" data-e-action-hash=\"#elementor-action%3Aaction%3Dlightbox%26settings%3DeyJpZCI6MTQ4LCJ1cmwiOiJodHRwczpcL1wvaW5zdGFtZW50LmNvbVwvd3AtY29udGVudFwvdXBsb2Fkc1wvMjAyMlwvMDJcL0xsdW0ycC5qcGciLCJzbGlkZXNob3ciOiI2N2NiYWNkIn0%3D\">\n\t\t\t\t\t<div class=\"e-gallery-image elementor-gallery-item__image\" data-thumbnail=\"https:\/\/instament.com\/wp-content\/uploads\/2022\/02\/Llum2p.jpg\" data-width=\"250\" data-height=\"376\" aria-label=\"\" role=\"img\" ><\/div>\n\t\t\t\t\t\t\t\t\t\t\t<div class=\"elementor-gallery-item__overlay\"><\/div>\n\t\t\t\t\t\t\t\t\t\t\t\t\t\t<\/a>\n\t\t\t\t\t\t\t<a class=\"e-gallery-item elementor-gallery-item elementor-animated-content\" href=\"https:\/\/instament.com\/wp-content\/uploads\/2022\/02\/Llum1p.jpg\" data-elementor-open-lightbox=\"yes\" data-elementor-lightbox-slideshow=\"67cbacd\" data-elementor-lightbox-title=\"Llum1p\" data-e-action-hash=\"#elementor-action%3Aaction%3Dlightbox%26settings%3DeyJpZCI6MTQ3LCJ1cmwiOiJodHRwczpcL1wvaW5zdGFtZW50LmNvbVwvd3AtY29udGVudFwvdXBsb2Fkc1wvMjAyMlwvMDJcL0xsdW0xcC5qcGciLCJzbGlkZXNob3ciOiI2N2NiYWNkIn0%3D\">\n\t\t\t\t\t<div class=\"e-gallery-image elementor-gallery-item__image\" data-thumbnail=\"https:\/\/instament.com\/wp-content\/uploads\/2022\/02\/Llum1p.jpg\" data-width=\"250\" data-height=\"376\" aria-label=\"\" role=\"img\" ><\/div>\n\t\t\t\t\t\t\t\t\t\t\t<div class=\"elementor-gallery-item__overlay\"><\/div>\n\t\t\t\t\t\t\t\t\t\t\t\t\t\t<\/a>\n\t\t\t\t\t<\/div>\n\t\t\t\t\t<\/div>\n\t\t\t\t<\/div>\n\t\t\t\t\t<\/div>\n\t\t<\/div>\n\t\t\t\t\t<\/div>\n\t\t<\/section>\n\t\t\t\t<\/div>\n\t\t","protected":false},"excerpt":{"rendered":"<p>Dise\u00f1amos, realizamos, reparamos y mantenemos la instalaci\u00f3n el\u00e9ctrica, bien sea dom\u00e9stica, comercial o industrial. Certificados el\u00e9ctricos de BT, certificados de revisi\u00f3n, mantenimiento, estudios de iluminaci\u00f3n y ahorro energ\u00e9tico para interiores y exteriores de edificios, alumbrado de emergencia, dictamen de estado de la instalaci\u00f3n, compensaci\u00f3n reactiva: bater\u00edas de condensadores, grupos electr\u00f3genos, pararrayos, dom\u00f3tica.<\/p>\n","protected":false},"author":1,"featured_media":0,"parent":0,"menu_order":0,"comment_status":"closed","ping_status":"closed","template":"","meta":{"footnotes":""},"class_list":["post-12","page","type-page","status-publish"],"yoast_head":"<!-- This site is optimized with the Yoast SEO plugin v27.5 - https:\/\/yoast.com\/product\/yoast-seo-wordpress\/ -->\n<title>Electricidad - Instament<\/title>\n<meta name=\"description\" content=\"Dise\u00f1amos, realizamos, reparamos y mantenemos la instalaci\u00f3n el\u00e9ctrica, bien sea dom\u00e9stica, comercial o industrial.\" \/>\n<meta name=\"robots\" content=\"index, follow, max-snippet:-1, max-image-preview:large, max-video-preview:-1\" \/>\n<link rel=\"canonical\" href=\"https:\/\/instament.com\/es\/electricidad\/\" \/>\n<meta property=\"og:locale\" content=\"es_ES\" \/>\n<meta property=\"og:type\" content=\"article\" \/>\n<meta property=\"og:title\" content=\"Electricidad - Instament\" \/>\n<meta property=\"og:description\" content=\"Dise\u00f1amos, realizamos, reparamos y mantenemos la instalaci\u00f3n el\u00e9ctrica, bien sea dom\u00e9stica, comercial o industrial.\" \/>\n<meta property=\"og:url\" content=\"https:\/\/instament.com\/es\/electricidad\/\" \/>\n<meta property=\"og:site_name\" content=\"Instament\" \/>\n<meta property=\"article:modified_time\" content=\"2022-03-15T16:20:54+00:00\" \/>\n<meta name=\"twitter:card\" content=\"summary_large_image\" \/>\n<meta name=\"twitter:label1\" content=\"Tiempo de lectura\" \/>\n\t<meta name=\"twitter:data1\" content=\"1 minuto\" \/>\n<script type=\"application\/ld+json\" class=\"yoast-schema-graph\">{\"@context\":\"https:\\\/\\\/schema.org\",\"@graph\":[{\"@type\":\"WebPage\",\"@id\":\"https:\\\/\\\/instament.com\\\/es\\\/electricidad\\\/\",\"url\":\"https:\\\/\\\/instament.com\\\/es\\\/electricidad\\\/\",\"name\":\"Electricidad - Instament\",\"isPartOf\":{\"@id\":\"https:\\\/\\\/instament.com\\\/es\\\/#website\"},\"datePublished\":\"2022-01-12T11:23:57+00:00\",\"dateModified\":\"2022-03-15T16:20:54+00:00\",\"description\":\"Dise\u00f1amos, realizamos, reparamos y mantenemos la instalaci\u00f3n el\u00e9ctrica, bien sea dom\u00e9stica, comercial o industrial.\",\"breadcrumb\":{\"@id\":\"https:\\\/\\\/instament.com\\\/es\\\/electricidad\\\/#breadcrumb\"},\"inLanguage\":\"es\",\"potentialAction\":[{\"@type\":\"ReadAction\",\"target\":[\"https:\\\/\\\/instament.com\\\/es\\\/electricidad\\\/\"]}]},{\"@type\":\"BreadcrumbList\",\"@id\":\"https:\\\/\\\/instament.com\\\/es\\\/electricidad\\\/#breadcrumb\",\"itemListElement\":[{\"@type\":\"ListItem\",\"position\":1,\"name\":\"Portada\",\"item\":\"https:\\\/\\\/instament.com\\\/es\\\/\"},{\"@type\":\"ListItem\",\"position\":2,\"name\":\"Electricidad\"}]},{\"@type\":\"WebSite\",\"@id\":\"https:\\\/\\\/instament.com\\\/es\\\/#website\",\"url\":\"https:\\\/\\\/instament.com\\\/es\\\/\",\"name\":\"Instament\",\"description\":\"Otro sitio realizado con WordPress\",\"publisher\":{\"@id\":\"https:\\\/\\\/instament.com\\\/es\\\/#organization\"},\"potentialAction\":[{\"@type\":\"SearchAction\",\"target\":{\"@type\":\"EntryPoint\",\"urlTemplate\":\"https:\\\/\\\/instament.com\\\/es\\\/?s={search_term_string}\"},\"query-input\":{\"@type\":\"PropertyValueSpecification\",\"valueRequired\":true,\"valueName\":\"search_term_string\"}}],\"inLanguage\":\"es\"},{\"@type\":\"Organization\",\"@id\":\"https:\\\/\\\/instament.com\\\/es\\\/#organization\",\"name\":\"Instament\",\"url\":\"https:\\\/\\\/instament.com\\\/es\\\/\",\"logo\":{\"@type\":\"ImageObject\",\"inLanguage\":\"es\",\"@id\":\"https:\\\/\\\/instament.com\\\/es\\\/#\\\/schema\\\/logo\\\/image\\\/\",\"url\":\"https:\\\/\\\/instament.com\\\/wp-content\\\/uploads\\\/2022\\\/01\\\/LogotipInstament.jpg\",\"contentUrl\":\"https:\\\/\\\/instament.com\\\/wp-content\\\/uploads\\\/2022\\\/01\\\/LogotipInstament.jpg\",\"width\":175,\"height\":68,\"caption\":\"Instament\"},\"image\":{\"@id\":\"https:\\\/\\\/instament.com\\\/es\\\/#\\\/schema\\\/logo\\\/image\\\/\"}}]}<\/script>\n<!-- \/ Yoast SEO plugin. -->","yoast_head_json":{"title":"Electricidad - Instament","description":"Dise\u00f1amos, realizamos, reparamos y mantenemos la instalaci\u00f3n el\u00e9ctrica, bien sea dom\u00e9stica, comercial o industrial.","robots":{"index":"index","follow":"follow","max-snippet":"max-snippet:-1","max-image-preview":"max-image-preview:large","max-video-preview":"max-video-preview:-1"},"canonical":"https:\/\/instament.com\/es\/electricidad\/","og_locale":"es_ES","og_type":"article","og_title":"Electricidad - Instament","og_description":"Dise\u00f1amos, realizamos, reparamos y mantenemos la instalaci\u00f3n el\u00e9ctrica, bien sea dom\u00e9stica, comercial o industrial.","og_url":"https:\/\/instament.com\/es\/electricidad\/","og_site_name":"Instament","article_modified_time":"2022-03-15T16:20:54+00:00","twitter_card":"summary_large_image","twitter_misc":{"Tiempo de lectura":"1 minuto"},"schema":{"@context":"https:\/\/schema.org","@graph":[{"@type":"WebPage","@id":"https:\/\/instament.com\/es\/electricidad\/","url":"https:\/\/instament.com\/es\/electricidad\/","name":"Electricidad - Instament","isPartOf":{"@id":"https:\/\/instament.com\/es\/#website"},"datePublished":"2022-01-12T11:23:57+00:00","dateModified":"2022-03-15T16:20:54+00:00","description":"Dise\u00f1amos, realizamos, reparamos y mantenemos la instalaci\u00f3n el\u00e9ctrica, bien sea dom\u00e9stica, comercial o industrial.","breadcrumb":{"@id":"https:\/\/instament.com\/es\/electricidad\/#breadcrumb"},"inLanguage":"es","potentialAction":[{"@type":"ReadAction","target":["https:\/\/instament.com\/es\/electricidad\/"]}]},{"@type":"BreadcrumbList","@id":"https:\/\/instament.com\/es\/electricidad\/#breadcrumb","itemListElement":[{"@type":"ListItem","position":1,"name":"Portada","item":"https:\/\/instament.com\/es\/"},{"@type":"ListItem","position":2,"name":"Electricidad"}]},{"@type":"WebSite","@id":"https:\/\/instament.com\/es\/#website","url":"https:\/\/instament.com\/es\/","name":"Instament","description":"Otro sitio realizado con WordPress","publisher":{"@id":"https:\/\/instament.com\/es\/#organization"},"potentialAction":[{"@type":"SearchAction","target":{"@type":"EntryPoint","urlTemplate":"https:\/\/instament.com\/es\/?s={search_term_string}"},"query-input":{"@type":"PropertyValueSpecification","valueRequired":true,"valueName":"search_term_string"}}],"inLanguage":"es"},{"@type":"Organization","@id":"https:\/\/instament.com\/es\/#organization","name":"Instament","url":"https:\/\/instament.com\/es\/","logo":{"@type":"ImageObject","inLanguage":"es","@id":"https:\/\/instament.com\/es\/#\/schema\/logo\/image\/","url":"https:\/\/instament.com\/wp-content\/uploads\/2022\/01\/LogotipInstament.jpg","contentUrl":"https:\/\/instament.com\/wp-content\/uploads\/2022\/01\/LogotipInstament.jpg","width":175,"height":68,"caption":"Instament"},"image":{"@id":"https:\/\/instament.com\/es\/#\/schema\/logo\/image\/"}}]}},"_links":{"self":[{"href":"https:\/\/instament.com\/es\/wp-json\/wp\/v2\/pages\/12","targetHints":{"allow":["GET"]}}],"collection":[{"href":"https:\/\/instament.com\/es\/wp-json\/wp\/v2\/pages"}],"about":[{"href":"https:\/\/instament.com\/es\/wp-json\/wp\/v2\/types\/page"}],"author":[{"embeddable":true,"href":"https:\/\/instament.com\/es\/wp-json\/wp\/v2\/users\/1"}],"replies":[{"embeddable":true,"href":"https:\/\/instament.com\/es\/wp-json\/wp\/v2\/comments?post=12"}],"version-history":[{"count":11,"href":"https:\/\/instament.com\/es\/wp-json\/wp\/v2\/pages\/12\/revisions"}],"predecessor-version":[{"id":274,"href":"https:\/\/instament.com\/es\/wp-json\/wp\/v2\/pages\/12\/revisions\/274"}],"wp:attachment":[{"href":"https:\/\/instament.com\/es\/wp-json\/wp\/v2\/media?parent=12"}],"curies":[{"name":"wp","href":"https:\/\/api.w.org\/{rel}","templated":true}]}}