{"id":14,"date":"2022-01-12T11:24:17","date_gmt":"2022-01-12T11:24:17","guid":{"rendered":"https:\/\/instament.com\/?page_id=14"},"modified":"2022-03-30T08:37:44","modified_gmt":"2022-03-30T08:37:44","slug":"agua","status":"publish","type":"page","link":"https:\/\/instament.com\/es\/agua\/","title":{"rendered":"Agua"},"content":{"rendered":"\t\t<div data-elementor-type=\"wp-page\" data-elementor-id=\"14\" class=\"elementor elementor-14\" data-elementor-post-type=\"page\">\n\t\t\t\t\t\t<section class=\"elementor-section elementor-top-section elementor-element elementor-element-6c9d792 elementor-section-height-min-height elementor-section-boxed elementor-section-height-default elementor-section-items-middle\" data-id=\"6c9d792\" data-element_type=\"section\" data-e-type=\"section\" data-settings=\"{&quot;background_background&quot;:&quot;classic&quot;}\">\n\t\t\t\t\t\t<div class=\"elementor-container elementor-column-gap-default\">\n\t\t\t\t\t<div class=\"elementor-column elementor-col-100 elementor-top-column elementor-element elementor-element-2db257e\" data-id=\"2db257e\" data-element_type=\"column\" data-e-type=\"column\">\n\t\t\t<div class=\"elementor-widget-wrap elementor-element-populated\">\n\t\t\t\t\t\t<div class=\"elementor-element elementor-element-7d54e47 elementor-widget elementor-widget-heading\" data-id=\"7d54e47\" data-element_type=\"widget\" data-e-type=\"widget\" data-widget_type=\"heading.default\">\n\t\t\t\t<div class=\"elementor-widget-container\">\n\t\t\t\t\t<h2 class=\"elementor-heading-title elementor-size-default\">Agua<\/h2>\t\t\t\t<\/div>\n\t\t\t\t<\/div>\n\t\t\t\t\t<\/div>\n\t\t<\/div>\n\t\t\t\t\t<\/div>\n\t\t<\/section>\n\t\t\t\t<section class=\"elementor-section elementor-top-section elementor-element elementor-element-8696889 elementor-section-boxed elementor-section-height-default elementor-section-height-default\" data-id=\"8696889\" data-element_type=\"section\" data-e-type=\"section\">\n\t\t\t\t\t\t<div class=\"elementor-container elementor-column-gap-default\">\n\t\t\t\t\t<div class=\"elementor-column elementor-col-50 elementor-top-column elementor-element elementor-element-2779602\" data-id=\"2779602\" data-element_type=\"column\" data-e-type=\"column\">\n\t\t\t<div class=\"elementor-widget-wrap elementor-element-populated\">\n\t\t\t\t\t\t<div class=\"elementor-element elementor-element-14107f6 elementor-widget elementor-widget-text-editor\" data-id=\"14107f6\" data-element_type=\"widget\" data-e-type=\"widget\" data-widget_type=\"text-editor.default\">\n\t\t\t\t<div class=\"elementor-widget-container\">\n\t\t\t\t\t\t\t\t\t<p>Instalaci\u00f3n, reparaci\u00f3n y mantenimento de qualquier instalaci\u00f3n de agua.<\/p><p>Boletines de agua, tratamientss de agua, descalcificadores y osmosis, grupos de pressi\u00f3n, sanitarios y griferias, riegos autom\u00e1ticos, busqueda y reparaci\u00f3n de fugas, recuperaci\u00f3n de aiguas pluviales, mantenimientos, desag\u00fces, ventilaciones.<\/p>\t\t\t\t\t\t\t\t<\/div>\n\t\t\t\t<\/div>\n\t\t\t\t\t<\/div>\n\t\t<\/div>\n\t\t\t\t<div class=\"elementor-column elementor-col-50 elementor-top-column elementor-element elementor-element-aafe9d0\" data-id=\"aafe9d0\" data-element_type=\"column\" data-e-type=\"column\">\n\t\t\t<div class=\"elementor-widget-wrap elementor-element-populated\">\n\t\t\t\t\t\t<div class=\"elementor-element elementor-element-9665f7a elementor-widget elementor-widget-video\" data-id=\"9665f7a\" data-element_type=\"widget\" data-e-type=\"widget\" data-settings=\"{&quot;youtube_url&quot;:&quot;https:\\\/\\\/www.youtube.com\\\/watch?v=TqsSPo7wfiE&amp;feature=emb_title&quot;,&quot;video_type&quot;:&quot;youtube&quot;,&quot;controls&quot;:&quot;yes&quot;}\" data-widget_type=\"video.default\">\n\t\t\t\t<div class=\"elementor-widget-container\">\n\t\t\t\t\t\t\t<div class=\"elementor-wrapper elementor-open-inline\">\n\t\t\t<div class=\"elementor-video\"><\/div>\t\t<\/div>\n\t\t\t\t\t\t<\/div>\n\t\t\t\t<\/div>\n\t\t\t\t\t<\/div>\n\t\t<\/div>\n\t\t\t\t\t<\/div>\n\t\t<\/section>\n\t\t\t\t<section class=\"elementor-section elementor-top-section elementor-element elementor-element-79d5ad8 elementor-section-boxed elementor-section-height-default elementor-section-height-default\" data-id=\"79d5ad8\" data-element_type=\"section\" data-e-type=\"section\">\n\t\t\t\t\t\t<div class=\"elementor-container elementor-column-gap-default\">\n\t\t\t\t\t<div class=\"elementor-column elementor-col-100 elementor-top-column elementor-element elementor-element-3be5f5d\" data-id=\"3be5f5d\" data-element_type=\"column\" data-e-type=\"column\">\n\t\t\t<div class=\"elementor-widget-wrap elementor-element-populated\">\n\t\t\t\t\t\t<div class=\"elementor-element elementor-element-d2d6b76 elementor-widget elementor-widget-gallery\" data-id=\"d2d6b76\" data-element_type=\"widget\" data-e-type=\"widget\" data-settings=\"{&quot;gallery_layout&quot;:&quot;masonry&quot;,&quot;columns&quot;:3,&quot;lazyload&quot;:&quot;yes&quot;,&quot;columns_tablet&quot;:2,&quot;columns_mobile&quot;:1,&quot;gap&quot;:{&quot;unit&quot;:&quot;px&quot;,&quot;size&quot;:10,&quot;sizes&quot;:[]},&quot;gap_tablet&quot;:{&quot;unit&quot;:&quot;px&quot;,&quot;size&quot;:10,&quot;sizes&quot;:[]},&quot;gap_mobile&quot;:{&quot;unit&quot;:&quot;px&quot;,&quot;size&quot;:10,&quot;sizes&quot;:[]},&quot;link_to&quot;:&quot;file&quot;,&quot;overlay_background&quot;:&quot;yes&quot;,&quot;content_hover_animation&quot;:&quot;fade-in&quot;}\" data-widget_type=\"gallery.default\">\n\t\t\t\t<div class=\"elementor-widget-container\">\n\t\t\t\t\t\t\t<div class=\"elementor-gallery__container\">\n\t\t\t\t\t\t\t<a class=\"e-gallery-item elementor-gallery-item elementor-animated-content\" href=\"https:\/\/instament.com\/wp-content\/uploads\/2022\/02\/Aigua1p.jpg\" data-elementor-open-lightbox=\"yes\" data-elementor-lightbox-slideshow=\"d2d6b76\" data-elementor-lightbox-title=\"Aigua1p\" data-e-action-hash=\"#elementor-action%3Aaction%3Dlightbox%26settings%3DeyJpZCI6MTUyLCJ1cmwiOiJodHRwczpcL1wvaW5zdGFtZW50LmNvbVwvd3AtY29udGVudFwvdXBsb2Fkc1wvMjAyMlwvMDJcL0FpZ3VhMXAuanBnIiwic2xpZGVzaG93IjoiZDJkNmI3NiJ9\">\n\t\t\t\t\t<div class=\"e-gallery-image elementor-gallery-item__image\" data-thumbnail=\"https:\/\/instament.com\/wp-content\/uploads\/2022\/02\/Aigua1p.jpg\" data-width=\"250\" data-height=\"166\" aria-label=\"\" role=\"img\" ><\/div>\n\t\t\t\t\t\t\t\t\t\t\t<div class=\"elementor-gallery-item__overlay\"><\/div>\n\t\t\t\t\t\t\t\t\t\t\t\t\t\t<\/a>\n\t\t\t\t\t\t\t<a class=\"e-gallery-item elementor-gallery-item elementor-animated-content\" href=\"https:\/\/instament.com\/wp-content\/uploads\/2022\/02\/Aigua2p.jpg\" data-elementor-open-lightbox=\"yes\" data-elementor-lightbox-slideshow=\"d2d6b76\" data-elementor-lightbox-title=\"Aigua2p\" data-e-action-hash=\"#elementor-action%3Aaction%3Dlightbox%26settings%3DeyJpZCI6MTUzLCJ1cmwiOiJodHRwczpcL1wvaW5zdGFtZW50LmNvbVwvd3AtY29udGVudFwvdXBsb2Fkc1wvMjAyMlwvMDJcL0FpZ3VhMnAuanBnIiwic2xpZGVzaG93IjoiZDJkNmI3NiJ9\">\n\t\t\t\t\t<div class=\"e-gallery-image elementor-gallery-item__image\" data-thumbnail=\"https:\/\/instament.com\/wp-content\/uploads\/2022\/02\/Aigua2p.jpg\" data-width=\"250\" data-height=\"166\" aria-label=\"\" role=\"img\" ><\/div>\n\t\t\t\t\t\t\t\t\t\t\t<div class=\"elementor-gallery-item__overlay\"><\/div>\n\t\t\t\t\t\t\t\t\t\t\t\t\t\t<\/a>\n\t\t\t\t\t\t\t<a class=\"e-gallery-item elementor-gallery-item elementor-animated-content\" href=\"https:\/\/instament.com\/wp-content\/uploads\/2022\/02\/Aigua3p.jpg\" data-elementor-open-lightbox=\"yes\" data-elementor-lightbox-slideshow=\"d2d6b76\" data-elementor-lightbox-title=\"Aigua3p\" data-e-action-hash=\"#elementor-action%3Aaction%3Dlightbox%26settings%3DeyJpZCI6MTU0LCJ1cmwiOiJodHRwczpcL1wvaW5zdGFtZW50LmNvbVwvd3AtY29udGVudFwvdXBsb2Fkc1wvMjAyMlwvMDJcL0FpZ3VhM3AuanBnIiwic2xpZGVzaG93IjoiZDJkNmI3NiJ9\">\n\t\t\t\t\t<div class=\"e-gallery-image elementor-gallery-item__image\" data-thumbnail=\"https:\/\/instament.com\/wp-content\/uploads\/2022\/02\/Aigua3p.jpg\" data-width=\"250\" data-height=\"166\" aria-label=\"\" role=\"img\" ><\/div>\n\t\t\t\t\t\t\t\t\t\t\t<div class=\"elementor-gallery-item__overlay\"><\/div>\n\t\t\t\t\t\t\t\t\t\t\t\t\t\t<\/a>\n\t\t\t\t\t<\/div>\n\t\t\t\t\t<\/div>\n\t\t\t\t<\/div>\n\t\t\t\t\t<\/div>\n\t\t<\/div>\n\t\t\t\t\t<\/div>\n\t\t<\/section>\n\t\t\t\t<\/div>\n\t\t","protected":false},"excerpt":{"rendered":"<p>Instalaci\u00f3n, reparaci\u00f3n y mantenimento de qualquier instalaci\u00f3n de agua. Boletines de agua, tratamientss de agua, descalcificadores y osmosis, grupos de pressi\u00f3n, sanitarios y griferias, riegos autom\u00e1ticos, busqueda y reparaci\u00f3n de fugas, recuperaci\u00f3n de aiguas pluviales, mantenimientos, desag\u00fces, ventilaciones. https:\/\/www.youtube.com\/watch?v=TqsSPo7wfiE&#038;feature=emb_title<\/p>\n","protected":false},"author":1,"featured_media":0,"parent":0,"menu_order":0,"comment_status":"closed","ping_status":"closed","template":"","meta":{"footnotes":""},"class_list":["post-14","page","type-page","status-publish"],"yoast_head":"<!-- This site is optimized with the Yoast SEO plugin v27.5 - https:\/\/yoast.com\/product\/yoast-seo-wordpress\/ -->\n<title>Agua - Instament<\/title>\n<meta name=\"description\" content=\"En Instament nos encargamos de la instalaci\u00f3n, reparaci\u00f3n y mantenimento de qualquier instalaci\u00f3n de agua.\" \/>\n<meta name=\"robots\" content=\"index, follow, max-snippet:-1, max-image-preview:large, max-video-preview:-1\" \/>\n<link rel=\"canonical\" href=\"https:\/\/instament.com\/es\/agua\/\" \/>\n<meta property=\"og:locale\" content=\"es_ES\" \/>\n<meta property=\"og:type\" content=\"article\" \/>\n<meta property=\"og:title\" content=\"Agua - Instament\" \/>\n<meta property=\"og:description\" content=\"En Instament nos encargamos de la instalaci\u00f3n, reparaci\u00f3n y mantenimento de qualquier instalaci\u00f3n de agua.\" \/>\n<meta property=\"og:url\" content=\"https:\/\/instament.com\/es\/agua\/\" \/>\n<meta property=\"og:site_name\" content=\"Instament\" \/>\n<meta property=\"article:modified_time\" content=\"2022-03-30T08:37:44+00:00\" \/>\n<meta name=\"twitter:card\" content=\"summary_large_image\" \/>\n<meta name=\"twitter:label1\" content=\"Tiempo de lectura\" \/>\n\t<meta name=\"twitter:data1\" content=\"1 minuto\" \/>\n<script type=\"application\/ld+json\" class=\"yoast-schema-graph\">{\"@context\":\"https:\\\/\\\/schema.org\",\"@graph\":[{\"@type\":\"WebPage\",\"@id\":\"https:\\\/\\\/instament.com\\\/es\\\/agua\\\/\",\"url\":\"https:\\\/\\\/instament.com\\\/es\\\/agua\\\/\",\"name\":\"Agua - Instament\",\"isPartOf\":{\"@id\":\"https:\\\/\\\/instament.com\\\/es\\\/#website\"},\"datePublished\":\"2022-01-12T11:24:17+00:00\",\"dateModified\":\"2022-03-30T08:37:44+00:00\",\"description\":\"En Instament nos encargamos de la instalaci\u00f3n, reparaci\u00f3n y mantenimento de qualquier instalaci\u00f3n de agua.\",\"breadcrumb\":{\"@id\":\"https:\\\/\\\/instament.com\\\/es\\\/agua\\\/#breadcrumb\"},\"inLanguage\":\"es\",\"potentialAction\":[{\"@type\":\"ReadAction\",\"target\":[\"https:\\\/\\\/instament.com\\\/es\\\/agua\\\/\"]}]},{\"@type\":\"BreadcrumbList\",\"@id\":\"https:\\\/\\\/instament.com\\\/es\\\/agua\\\/#breadcrumb\",\"itemListElement\":[{\"@type\":\"ListItem\",\"position\":1,\"name\":\"Portada\",\"item\":\"https:\\\/\\\/instament.com\\\/es\\\/\"},{\"@type\":\"ListItem\",\"position\":2,\"name\":\"Agua\"}]},{\"@type\":\"WebSite\",\"@id\":\"https:\\\/\\\/instament.com\\\/es\\\/#website\",\"url\":\"https:\\\/\\\/instament.com\\\/es\\\/\",\"name\":\"Instament\",\"description\":\"Otro sitio realizado con WordPress\",\"publisher\":{\"@id\":\"https:\\\/\\\/instament.com\\\/es\\\/#organization\"},\"potentialAction\":[{\"@type\":\"SearchAction\",\"target\":{\"@type\":\"EntryPoint\",\"urlTemplate\":\"https:\\\/\\\/instament.com\\\/es\\\/?s={search_term_string}\"},\"query-input\":{\"@type\":\"PropertyValueSpecification\",\"valueRequired\":true,\"valueName\":\"search_term_string\"}}],\"inLanguage\":\"es\"},{\"@type\":\"Organization\",\"@id\":\"https:\\\/\\\/instament.com\\\/es\\\/#organization\",\"name\":\"Instament\",\"url\":\"https:\\\/\\\/instament.com\\\/es\\\/\",\"logo\":{\"@type\":\"ImageObject\",\"inLanguage\":\"es\",\"@id\":\"https:\\\/\\\/instament.com\\\/es\\\/#\\\/schema\\\/logo\\\/image\\\/\",\"url\":\"https:\\\/\\\/instament.com\\\/wp-content\\\/uploads\\\/2022\\\/01\\\/LogotipInstament.jpg\",\"contentUrl\":\"https:\\\/\\\/instament.com\\\/wp-content\\\/uploads\\\/2022\\\/01\\\/LogotipInstament.jpg\",\"width\":175,\"height\":68,\"caption\":\"Instament\"},\"image\":{\"@id\":\"https:\\\/\\\/instament.com\\\/es\\\/#\\\/schema\\\/logo\\\/image\\\/\"}}]}<\/script>\n<!-- \/ Yoast SEO plugin. -->","yoast_head_json":{"title":"Agua - Instament","description":"En Instament nos encargamos de la instalaci\u00f3n, reparaci\u00f3n y mantenimento de qualquier instalaci\u00f3n de agua.","robots":{"index":"index","follow":"follow","max-snippet":"max-snippet:-1","max-image-preview":"max-image-preview:large","max-video-preview":"max-video-preview:-1"},"canonical":"https:\/\/instament.com\/es\/agua\/","og_locale":"es_ES","og_type":"article","og_title":"Agua - Instament","og_description":"En Instament nos encargamos de la instalaci\u00f3n, reparaci\u00f3n y mantenimento de qualquier instalaci\u00f3n de agua.","og_url":"https:\/\/instament.com\/es\/agua\/","og_site_name":"Instament","article_modified_time":"2022-03-30T08:37:44+00:00","twitter_card":"summary_large_image","twitter_misc":{"Tiempo de lectura":"1 minuto"},"schema":{"@context":"https:\/\/schema.org","@graph":[{"@type":"WebPage","@id":"https:\/\/instament.com\/es\/agua\/","url":"https:\/\/instament.com\/es\/agua\/","name":"Agua - Instament","isPartOf":{"@id":"https:\/\/instament.com\/es\/#website"},"datePublished":"2022-01-12T11:24:17+00:00","dateModified":"2022-03-30T08:37:44+00:00","description":"En Instament nos encargamos de la instalaci\u00f3n, reparaci\u00f3n y mantenimento de qualquier instalaci\u00f3n de agua.","breadcrumb":{"@id":"https:\/\/instament.com\/es\/agua\/#breadcrumb"},"inLanguage":"es","potentialAction":[{"@type":"ReadAction","target":["https:\/\/instament.com\/es\/agua\/"]}]},{"@type":"BreadcrumbList","@id":"https:\/\/instament.com\/es\/agua\/#breadcrumb","itemListElement":[{"@type":"ListItem","position":1,"name":"Portada","item":"https:\/\/instament.com\/es\/"},{"@type":"ListItem","position":2,"name":"Agua"}]},{"@type":"WebSite","@id":"https:\/\/instament.com\/es\/#website","url":"https:\/\/instament.com\/es\/","name":"Instament","description":"Otro sitio realizado con WordPress","publisher":{"@id":"https:\/\/instament.com\/es\/#organization"},"potentialAction":[{"@type":"SearchAction","target":{"@type":"EntryPoint","urlTemplate":"https:\/\/instament.com\/es\/?s={search_term_string}"},"query-input":{"@type":"PropertyValueSpecification","valueRequired":true,"valueName":"search_term_string"}}],"inLanguage":"es"},{"@type":"Organization","@id":"https:\/\/instament.com\/es\/#organization","name":"Instament","url":"https:\/\/instament.com\/es\/","logo":{"@type":"ImageObject","inLanguage":"es","@id":"https:\/\/instament.com\/es\/#\/schema\/logo\/image\/","url":"https:\/\/instament.com\/wp-content\/uploads\/2022\/01\/LogotipInstament.jpg","contentUrl":"https:\/\/instament.com\/wp-content\/uploads\/2022\/01\/LogotipInstament.jpg","width":175,"height":68,"caption":"Instament"},"image":{"@id":"https:\/\/instament.com\/es\/#\/schema\/logo\/image\/"}}]}},"_links":{"self":[{"href":"https:\/\/instament.com\/es\/wp-json\/wp\/v2\/pages\/14","targetHints":{"allow":["GET"]}}],"collection":[{"href":"https:\/\/instament.com\/es\/wp-json\/wp\/v2\/pages"}],"about":[{"href":"https:\/\/instament.com\/es\/wp-json\/wp\/v2\/types\/page"}],"author":[{"embeddable":true,"href":"https:\/\/instament.com\/es\/wp-json\/wp\/v2\/users\/1"}],"replies":[{"embeddable":true,"href":"https:\/\/instament.com\/es\/wp-json\/wp\/v2\/comments?post=14"}],"version-history":[{"count":11,"href":"https:\/\/instament.com\/es\/wp-json\/wp\/v2\/pages\/14\/revisions"}],"predecessor-version":[{"id":381,"href":"https:\/\/instament.com\/es\/wp-json\/wp\/v2\/pages\/14\/revisions\/381"}],"wp:attachment":[{"href":"https:\/\/instament.com\/es\/wp-json\/wp\/v2\/media?parent=14"}],"curies":[{"name":"wp","href":"https:\/\/api.w.org\/{rel}","templated":true}]}}