{"id":16,"date":"2022-01-12T11:24:31","date_gmt":"2022-01-12T11:24:31","guid":{"rendered":"https:\/\/instament.com\/?page_id=16"},"modified":"2022-03-15T16:21:59","modified_gmt":"2022-03-15T16:21:59","slug":"gas","status":"publish","type":"page","link":"https:\/\/instament.com\/es\/gas\/","title":{"rendered":"Gas"},"content":{"rendered":"\t\t<div data-elementor-type=\"wp-page\" data-elementor-id=\"16\" class=\"elementor elementor-16\" data-elementor-post-type=\"page\">\n\t\t\t\t\t\t<section class=\"elementor-section elementor-top-section elementor-element elementor-element-939fdd0 elementor-section-height-min-height elementor-section-boxed elementor-section-height-default elementor-section-items-middle\" data-id=\"939fdd0\" data-element_type=\"section\" data-e-type=\"section\" data-settings=\"{&quot;background_background&quot;:&quot;classic&quot;}\">\n\t\t\t\t\t\t<div class=\"elementor-container elementor-column-gap-default\">\n\t\t\t\t\t<div class=\"elementor-column elementor-col-100 elementor-top-column elementor-element elementor-element-6758430\" data-id=\"6758430\" data-element_type=\"column\" data-e-type=\"column\">\n\t\t\t<div class=\"elementor-widget-wrap elementor-element-populated\">\n\t\t\t\t\t\t<div class=\"elementor-element elementor-element-76dc730 elementor-widget elementor-widget-heading\" data-id=\"76dc730\" data-element_type=\"widget\" data-e-type=\"widget\" data-widget_type=\"heading.default\">\n\t\t\t\t<div class=\"elementor-widget-container\">\n\t\t\t\t\t<h2 class=\"elementor-heading-title elementor-size-default\">Gas<\/h2>\t\t\t\t<\/div>\n\t\t\t\t<\/div>\n\t\t\t\t\t<\/div>\n\t\t<\/div>\n\t\t\t\t\t<\/div>\n\t\t<\/section>\n\t\t\t\t<section class=\"elementor-section elementor-top-section elementor-element elementor-element-72d635d elementor-section-boxed elementor-section-height-default elementor-section-height-default\" data-id=\"72d635d\" data-element_type=\"section\" data-e-type=\"section\">\n\t\t\t\t\t\t<div class=\"elementor-container elementor-column-gap-default\">\n\t\t\t\t\t<div class=\"elementor-column elementor-col-50 elementor-top-column elementor-element elementor-element-c75044b\" data-id=\"c75044b\" data-element_type=\"column\" data-e-type=\"column\">\n\t\t\t<div class=\"elementor-widget-wrap elementor-element-populated\">\n\t\t\t\t\t\t<div class=\"elementor-element elementor-element-c4b372e elementor-widget elementor-widget-text-editor\" data-id=\"c4b372e\" data-element_type=\"widget\" data-e-type=\"widget\" data-widget_type=\"text-editor.default\">\n\t\t\t\t<div class=\"elementor-widget-container\">\n\t\t\t\t\t\t\t\t\t<p>Instalaci\u00f3n de gas en todos los tramos ja sea butano, propano o natural.<\/p><p>Solicitudes y tr\u00e1mites, boletines, certificados de revisi\u00f3n, conexi\u00f3n de aparatos, renovaci\u00f3n de redes antiguas, reparaci\u00f3n de fugas, acometidas y mantenimientos.<\/p>\t\t\t\t\t\t\t\t<\/div>\n\t\t\t\t<\/div>\n\t\t\t\t\t<\/div>\n\t\t<\/div>\n\t\t\t\t<div class=\"elementor-column elementor-col-50 elementor-top-column elementor-element elementor-element-9103a72\" data-id=\"9103a72\" data-element_type=\"column\" data-e-type=\"column\">\n\t\t\t<div class=\"elementor-widget-wrap elementor-element-populated\">\n\t\t\t\t\t\t<div class=\"elementor-element elementor-element-2862ccf elementor-widget elementor-widget-image\" data-id=\"2862ccf\" data-element_type=\"widget\" data-e-type=\"widget\" data-widget_type=\"image.default\">\n\t\t\t\t<div class=\"elementor-widget-container\">\n\t\t\t\t\t\t\t\t\t\t\t\t\t\t\t<img decoding=\"async\" width=\"250\" height=\"166\" src=\"https:\/\/instament.com\/wp-content\/uploads\/2022\/02\/Calefaccio3p.jpg\" class=\"attachment-full size-full wp-image-158\" alt=\"\" \/>\t\t\t\t\t\t\t\t\t\t\t\t\t\t\t<\/div>\n\t\t\t\t<\/div>\n\t\t\t\t\t<\/div>\n\t\t<\/div>\n\t\t\t\t\t<\/div>\n\t\t<\/section>\n\t\t\t\t<\/div>\n\t\t","protected":false},"excerpt":{"rendered":"<p>Instalaci\u00f3n de gas en todos los tramos ja sea butano, propano o natural. Solicitudes y tr\u00e1mites, boletines, certificados de revisi\u00f3n, conexi\u00f3n de aparatos, renovaci\u00f3n de redes antiguas, reparaci\u00f3n de fugas, acometidas y mantenimientos.<\/p>\n","protected":false},"author":1,"featured_media":0,"parent":0,"menu_order":0,"comment_status":"closed","ping_status":"closed","template":"","meta":{"footnotes":""},"class_list":["post-16","page","type-page","status-publish"],"yoast_head":"<!-- This site is optimized with the Yoast SEO plugin v27.5 - https:\/\/yoast.com\/product\/yoast-seo-wordpress\/ -->\n<title>Gas - Instament<\/title>\n<meta name=\"description\" content=\"En Instament nos encargamos de la instalaci\u00f3n de gas en todos los tramos ja sea butano, propano o natural.\" \/>\n<meta name=\"robots\" content=\"index, follow, max-snippet:-1, max-image-preview:large, max-video-preview:-1\" \/>\n<link rel=\"canonical\" href=\"https:\/\/instament.com\/es\/gas\/\" \/>\n<meta property=\"og:locale\" content=\"es_ES\" \/>\n<meta property=\"og:type\" content=\"article\" \/>\n<meta property=\"og:title\" content=\"Gas - Instament\" \/>\n<meta property=\"og:description\" content=\"En Instament nos encargamos de la instalaci\u00f3n de gas en todos los tramos ja sea butano, propano o natural.\" \/>\n<meta property=\"og:url\" content=\"https:\/\/instament.com\/es\/gas\/\" \/>\n<meta property=\"og:site_name\" content=\"Instament\" \/>\n<meta property=\"article:modified_time\" content=\"2022-03-15T16:21:59+00:00\" \/>\n<meta property=\"og:image\" content=\"https:\/\/instament.com\/wp-content\/uploads\/2022\/02\/Calefaccio3p.jpg\" \/>\n<meta name=\"twitter:card\" content=\"summary_large_image\" \/>\n<meta name=\"twitter:label1\" content=\"Tiempo de lectura\" \/>\n\t<meta name=\"twitter:data1\" content=\"1 minuto\" \/>\n<script type=\"application\/ld+json\" class=\"yoast-schema-graph\">{\"@context\":\"https:\\\/\\\/schema.org\",\"@graph\":[{\"@type\":\"WebPage\",\"@id\":\"https:\\\/\\\/instament.com\\\/es\\\/gas\\\/\",\"url\":\"https:\\\/\\\/instament.com\\\/es\\\/gas\\\/\",\"name\":\"Gas - Instament\",\"isPartOf\":{\"@id\":\"https:\\\/\\\/instament.com\\\/es\\\/#website\"},\"primaryImageOfPage\":{\"@id\":\"https:\\\/\\\/instament.com\\\/es\\\/gas\\\/#primaryimage\"},\"image\":{\"@id\":\"https:\\\/\\\/instament.com\\\/es\\\/gas\\\/#primaryimage\"},\"thumbnailUrl\":\"https:\\\/\\\/instament.com\\\/wp-content\\\/uploads\\\/2022\\\/02\\\/Calefaccio3p.jpg\",\"datePublished\":\"2022-01-12T11:24:31+00:00\",\"dateModified\":\"2022-03-15T16:21:59+00:00\",\"description\":\"En Instament nos encargamos de la instalaci\u00f3n de gas en todos los tramos ja sea butano, propano o natural.\",\"breadcrumb\":{\"@id\":\"https:\\\/\\\/instament.com\\\/es\\\/gas\\\/#breadcrumb\"},\"inLanguage\":\"es\",\"potentialAction\":[{\"@type\":\"ReadAction\",\"target\":[\"https:\\\/\\\/instament.com\\\/es\\\/gas\\\/\"]}]},{\"@type\":\"ImageObject\",\"inLanguage\":\"es\",\"@id\":\"https:\\\/\\\/instament.com\\\/es\\\/gas\\\/#primaryimage\",\"url\":\"https:\\\/\\\/instament.com\\\/wp-content\\\/uploads\\\/2022\\\/02\\\/Calefaccio3p.jpg\",\"contentUrl\":\"https:\\\/\\\/instament.com\\\/wp-content\\\/uploads\\\/2022\\\/02\\\/Calefaccio3p.jpg\"},{\"@type\":\"BreadcrumbList\",\"@id\":\"https:\\\/\\\/instament.com\\\/es\\\/gas\\\/#breadcrumb\",\"itemListElement\":[{\"@type\":\"ListItem\",\"position\":1,\"name\":\"Portada\",\"item\":\"https:\\\/\\\/instament.com\\\/es\\\/\"},{\"@type\":\"ListItem\",\"position\":2,\"name\":\"Gas\"}]},{\"@type\":\"WebSite\",\"@id\":\"https:\\\/\\\/instament.com\\\/es\\\/#website\",\"url\":\"https:\\\/\\\/instament.com\\\/es\\\/\",\"name\":\"Instament\",\"description\":\"Otro sitio realizado con WordPress\",\"publisher\":{\"@id\":\"https:\\\/\\\/instament.com\\\/es\\\/#organization\"},\"potentialAction\":[{\"@type\":\"SearchAction\",\"target\":{\"@type\":\"EntryPoint\",\"urlTemplate\":\"https:\\\/\\\/instament.com\\\/es\\\/?s={search_term_string}\"},\"query-input\":{\"@type\":\"PropertyValueSpecification\",\"valueRequired\":true,\"valueName\":\"search_term_string\"}}],\"inLanguage\":\"es\"},{\"@type\":\"Organization\",\"@id\":\"https:\\\/\\\/instament.com\\\/es\\\/#organization\",\"name\":\"Instament\",\"url\":\"https:\\\/\\\/instament.com\\\/es\\\/\",\"logo\":{\"@type\":\"ImageObject\",\"inLanguage\":\"es\",\"@id\":\"https:\\\/\\\/instament.com\\\/es\\\/#\\\/schema\\\/logo\\\/image\\\/\",\"url\":\"https:\\\/\\\/instament.com\\\/wp-content\\\/uploads\\\/2022\\\/01\\\/LogotipInstament.jpg\",\"contentUrl\":\"https:\\\/\\\/instament.com\\\/wp-content\\\/uploads\\\/2022\\\/01\\\/LogotipInstament.jpg\",\"width\":175,\"height\":68,\"caption\":\"Instament\"},\"image\":{\"@id\":\"https:\\\/\\\/instament.com\\\/es\\\/#\\\/schema\\\/logo\\\/image\\\/\"}}]}<\/script>\n<!-- \/ Yoast SEO plugin. -->","yoast_head_json":{"title":"Gas - Instament","description":"En Instament nos encargamos de la instalaci\u00f3n de gas en todos los tramos ja sea butano, propano o natural.","robots":{"index":"index","follow":"follow","max-snippet":"max-snippet:-1","max-image-preview":"max-image-preview:large","max-video-preview":"max-video-preview:-1"},"canonical":"https:\/\/instament.com\/es\/gas\/","og_locale":"es_ES","og_type":"article","og_title":"Gas - Instament","og_description":"En Instament nos encargamos de la instalaci\u00f3n de gas en todos los tramos ja sea butano, propano o natural.","og_url":"https:\/\/instament.com\/es\/gas\/","og_site_name":"Instament","article_modified_time":"2022-03-15T16:21:59+00:00","og_image":[{"url":"https:\/\/instament.com\/wp-content\/uploads\/2022\/02\/Calefaccio3p.jpg","type":"","width":"","height":""}],"twitter_card":"summary_large_image","twitter_misc":{"Tiempo de lectura":"1 minuto"},"schema":{"@context":"https:\/\/schema.org","@graph":[{"@type":"WebPage","@id":"https:\/\/instament.com\/es\/gas\/","url":"https:\/\/instament.com\/es\/gas\/","name":"Gas - Instament","isPartOf":{"@id":"https:\/\/instament.com\/es\/#website"},"primaryImageOfPage":{"@id":"https:\/\/instament.com\/es\/gas\/#primaryimage"},"image":{"@id":"https:\/\/instament.com\/es\/gas\/#primaryimage"},"thumbnailUrl":"https:\/\/instament.com\/wp-content\/uploads\/2022\/02\/Calefaccio3p.jpg","datePublished":"2022-01-12T11:24:31+00:00","dateModified":"2022-03-15T16:21:59+00:00","description":"En Instament nos encargamos de la instalaci\u00f3n de gas en todos los tramos ja sea butano, propano o natural.","breadcrumb":{"@id":"https:\/\/instament.com\/es\/gas\/#breadcrumb"},"inLanguage":"es","potentialAction":[{"@type":"ReadAction","target":["https:\/\/instament.com\/es\/gas\/"]}]},{"@type":"ImageObject","inLanguage":"es","@id":"https:\/\/instament.com\/es\/gas\/#primaryimage","url":"https:\/\/instament.com\/wp-content\/uploads\/2022\/02\/Calefaccio3p.jpg","contentUrl":"https:\/\/instament.com\/wp-content\/uploads\/2022\/02\/Calefaccio3p.jpg"},{"@type":"BreadcrumbList","@id":"https:\/\/instament.com\/es\/gas\/#breadcrumb","itemListElement":[{"@type":"ListItem","position":1,"name":"Portada","item":"https:\/\/instament.com\/es\/"},{"@type":"ListItem","position":2,"name":"Gas"}]},{"@type":"WebSite","@id":"https:\/\/instament.com\/es\/#website","url":"https:\/\/instament.com\/es\/","name":"Instament","description":"Otro sitio realizado con WordPress","publisher":{"@id":"https:\/\/instament.com\/es\/#organization"},"potentialAction":[{"@type":"SearchAction","target":{"@type":"EntryPoint","urlTemplate":"https:\/\/instament.com\/es\/?s={search_term_string}"},"query-input":{"@type":"PropertyValueSpecification","valueRequired":true,"valueName":"search_term_string"}}],"inLanguage":"es"},{"@type":"Organization","@id":"https:\/\/instament.com\/es\/#organization","name":"Instament","url":"https:\/\/instament.com\/es\/","logo":{"@type":"ImageObject","inLanguage":"es","@id":"https:\/\/instament.com\/es\/#\/schema\/logo\/image\/","url":"https:\/\/instament.com\/wp-content\/uploads\/2022\/01\/LogotipInstament.jpg","contentUrl":"https:\/\/instament.com\/wp-content\/uploads\/2022\/01\/LogotipInstament.jpg","width":175,"height":68,"caption":"Instament"},"image":{"@id":"https:\/\/instament.com\/es\/#\/schema\/logo\/image\/"}}]}},"_links":{"self":[{"href":"https:\/\/instament.com\/es\/wp-json\/wp\/v2\/pages\/16","targetHints":{"allow":["GET"]}}],"collection":[{"href":"https:\/\/instament.com\/es\/wp-json\/wp\/v2\/pages"}],"about":[{"href":"https:\/\/instament.com\/es\/wp-json\/wp\/v2\/types\/page"}],"author":[{"embeddable":true,"href":"https:\/\/instament.com\/es\/wp-json\/wp\/v2\/users\/1"}],"replies":[{"embeddable":true,"href":"https:\/\/instament.com\/es\/wp-json\/wp\/v2\/comments?post=16"}],"version-history":[{"count":11,"href":"https:\/\/instament.com\/es\/wp-json\/wp\/v2\/pages\/16\/revisions"}],"predecessor-version":[{"id":275,"href":"https:\/\/instament.com\/es\/wp-json\/wp\/v2\/pages\/16\/revisions\/275"}],"wp:attachment":[{"href":"https:\/\/instament.com\/es\/wp-json\/wp\/v2\/media?parent=16"}],"curies":[{"name":"wp","href":"https:\/\/api.w.org\/{rel}","templated":true}]}}